{"id":377418,"date":"2017-04-28T14:10:26","date_gmt":"2017-04-28T12:10:26","guid":{"rendered":"https:\/\/www.citedelamer.com\/partenaires-revendeurs\/"},"modified":"2024-05-29T09:43:00","modified_gmt":"2024-05-29T07:43:00","slug":"our-distributors-2","status":"publish","type":"page","link":"http:\/\/citdelamer2025.s195063.mediapilote49300-030.atester.fr\/en\/our-distributors-2\/","title":{"rendered":"Our distributors"},"content":{"rendered":"","protected":false},"excerpt":{"rendered":"","protected":false},"author":1,"featured_media":0,"parent":0,"menu_order":0,"comment_status":"closed","ping_status":"closed","template":"","meta":{"_acf_changed":false,"footnotes":""},"wf_page_folders":[],"class_list":["post-377418","page","type-page","status-publish","hentry"],"acf":[],"yoast_head":"<!-- This site is optimized with the Yoast SEO plugin v25.8 - https:\/\/yoast.com\/wordpress\/plugins\/seo\/ -->\n<title>Partenaires revendeurs pour achat billets La Cit\u00e9 de la Mer<\/title>\n<meta name=\"description\" content=\"D\u00e9couvrez tous les partenaires revendeurs de La Cit\u00e9 de la Mer pour pr\u00e9parer votre visite pendant vos vacances en Normandie !\" class=\"yoast-seo-meta-tag\" \/>\n<meta name=\"robots\" content=\"noindex, follow, max-snippet:-1, max-image-preview:large, max-video-preview:-1\" \/>\n<meta property=\"og:locale\" content=\"en_US\" class=\"yoast-seo-meta-tag\" \/>\n<meta property=\"og:type\" content=\"article\" class=\"yoast-seo-meta-tag\" \/>\n<meta property=\"og:title\" content=\"Partenaires revendeurs pour achat billets La Cit\u00e9 de la Mer\" class=\"yoast-seo-meta-tag\" \/>\n<meta property=\"og:description\" content=\"D\u00e9couvrez tous les partenaires revendeurs de La Cit\u00e9 de la Mer pour pr\u00e9parer votre visite pendant vos vacances en Normandie !\" class=\"yoast-seo-meta-tag\" \/>\n<meta property=\"og:url\" content=\"http:\/\/citdelamer2025.s195063.mediapilote49300-030.atester.fr\/en\/our-distributors-2\/\" class=\"yoast-seo-meta-tag\" \/>\n<meta property=\"og:site_name\" content=\"La Cit\u00e9 de la Mer\" class=\"yoast-seo-meta-tag\" \/>\n<meta property=\"article:modified_time\" content=\"2024-05-29T07:43:00+00:00\" class=\"yoast-seo-meta-tag\" \/>\n<meta name=\"twitter:card\" content=\"summary_large_image\" class=\"yoast-seo-meta-tag\" \/>\n<script type=\"application\/ld+json\" class=\"yoast-schema-graph\">{\"@context\":\"https:\/\/schema.org\",\"@graph\":[{\"@type\":\"WebPage\",\"@id\":\"http:\/\/citdelamer2025.s195063.mediapilote49300-030.atester.fr\/en\/our-distributors-2\/\",\"url\":\"http:\/\/citdelamer2025.s195063.mediapilote49300-030.atester.fr\/en\/our-distributors-2\/\",\"name\":\"Partenaires revendeurs pour achat billets La Cit\u00e9 de la Mer\",\"isPartOf\":{\"@id\":\"http:\/\/citdelamer2025.s195063.mediapilote49300-030.atester.fr\/en\/#website\"},\"datePublished\":\"2017-04-28T12:10:26+00:00\",\"dateModified\":\"2024-05-29T07:43:00+00:00\",\"description\":\"D\u00e9couvrez tous les partenaires revendeurs de La Cit\u00e9 de la Mer pour pr\u00e9parer votre visite pendant vos vacances en Normandie !\",\"breadcrumb\":{\"@id\":\"http:\/\/citdelamer2025.s195063.mediapilote49300-030.atester.fr\/en\/our-distributors-2\/#breadcrumb\"},\"inLanguage\":\"en-US\",\"potentialAction\":[{\"@type\":\"ReadAction\",\"target\":[\"http:\/\/citdelamer2025.s195063.mediapilote49300-030.atester.fr\/en\/our-distributors-2\/\"]}]},{\"@type\":\"BreadcrumbList\",\"@id\":\"http:\/\/citdelamer2025.s195063.mediapilote49300-030.atester.fr\/en\/our-distributors-2\/#breadcrumb\",\"itemListElement\":[{\"@type\":\"ListItem\",\"position\":1,\"name\":\"La Cit\u00e9 de la Mer\",\"item\":\"http:\/\/citdelamer2025.s195063.mediapilote49300-030.atester.fr\/\"},{\"@type\":\"ListItem\",\"position\":2,\"name\":\"Our distributors\"}]},{\"@type\":\"WebSite\",\"@id\":\"http:\/\/citdelamer2025.s195063.mediapilote49300-030.atester.fr\/en\/#website\",\"url\":\"http:\/\/citdelamer2025.s195063.mediapilote49300-030.atester.fr\/en\/\",\"name\":\"La Cit\u00e9 de la Mer\",\"description\":\"Site officiel La Cit\u00e9 de la Mer, Cherbourg, Normandie\",\"potentialAction\":[{\"@type\":\"SearchAction\",\"target\":{\"@type\":\"EntryPoint\",\"urlTemplate\":\"http:\/\/citdelamer2025.s195063.mediapilote49300-030.atester.fr\/en\/?s={search_term_string}\"},\"query-input\":{\"@type\":\"PropertyValueSpecification\",\"valueRequired\":true,\"valueName\":\"search_term_string\"}}],\"inLanguage\":\"en-US\"}]}<\/script>\n<!-- \/ Yoast SEO plugin. -->","yoast_head_json":{"title":"Partenaires revendeurs pour achat billets La Cit\u00e9 de la Mer","description":"D\u00e9couvrez tous les partenaires revendeurs de La Cit\u00e9 de la Mer pour pr\u00e9parer votre visite pendant vos vacances en Normandie !","robots":{"index":"noindex","follow":"follow","max-snippet":"max-snippet:-1","max-image-preview":"max-image-preview:large","max-video-preview":"max-video-preview:-1"},"og_locale":"en_US","og_type":"article","og_title":"Partenaires revendeurs pour achat billets La Cit\u00e9 de la Mer","og_description":"D\u00e9couvrez tous les partenaires revendeurs de La Cit\u00e9 de la Mer pour pr\u00e9parer votre visite pendant vos vacances en Normandie !","og_url":"http:\/\/citdelamer2025.s195063.mediapilote49300-030.atester.fr\/en\/our-distributors-2\/","og_site_name":"La Cit\u00e9 de la Mer","article_modified_time":"2024-05-29T07:43:00+00:00","twitter_card":"summary_large_image","schema":{"@context":"https:\/\/schema.org","@graph":[{"@type":"WebPage","@id":"http:\/\/citdelamer2025.s195063.mediapilote49300-030.atester.fr\/en\/our-distributors-2\/","url":"http:\/\/citdelamer2025.s195063.mediapilote49300-030.atester.fr\/en\/our-distributors-2\/","name":"Partenaires revendeurs pour achat billets La Cit\u00e9 de la Mer","isPartOf":{"@id":"http:\/\/citdelamer2025.s195063.mediapilote49300-030.atester.fr\/en\/#website"},"datePublished":"2017-04-28T12:10:26+00:00","dateModified":"2024-05-29T07:43:00+00:00","description":"D\u00e9couvrez tous les partenaires revendeurs de La Cit\u00e9 de la Mer pour pr\u00e9parer votre visite pendant vos vacances en Normandie !","breadcrumb":{"@id":"http:\/\/citdelamer2025.s195063.mediapilote49300-030.atester.fr\/en\/our-distributors-2\/#breadcrumb"},"inLanguage":"en-US","potentialAction":[{"@type":"ReadAction","target":["http:\/\/citdelamer2025.s195063.mediapilote49300-030.atester.fr\/en\/our-distributors-2\/"]}]},{"@type":"BreadcrumbList","@id":"http:\/\/citdelamer2025.s195063.mediapilote49300-030.atester.fr\/en\/our-distributors-2\/#breadcrumb","itemListElement":[{"@type":"ListItem","position":1,"name":"La Cit\u00e9 de la Mer","item":"http:\/\/citdelamer2025.s195063.mediapilote49300-030.atester.fr\/"},{"@type":"ListItem","position":2,"name":"Our distributors"}]},{"@type":"WebSite","@id":"http:\/\/citdelamer2025.s195063.mediapilote49300-030.atester.fr\/en\/#website","url":"http:\/\/citdelamer2025.s195063.mediapilote49300-030.atester.fr\/en\/","name":"La Cit\u00e9 de la Mer","description":"Site officiel La Cit\u00e9 de la Mer, Cherbourg, Normandie","potentialAction":[{"@type":"SearchAction","target":{"@type":"EntryPoint","urlTemplate":"http:\/\/citdelamer2025.s195063.mediapilote49300-030.atester.fr\/en\/?s={search_term_string}"},"query-input":{"@type":"PropertyValueSpecification","valueRequired":true,"valueName":"search_term_string"}}],"inLanguage":"en-US"}]}},"_links":{"self":[{"href":"http:\/\/citdelamer2025.s195063.mediapilote49300-030.atester.fr\/en\/wp-json\/wp\/v2\/pages\/377418\/"}],"collection":[{"href":"http:\/\/citdelamer2025.s195063.mediapilote49300-030.atester.fr\/en\/wp-json\/wp\/v2\/pages\/"}],"about":[{"href":"http:\/\/citdelamer2025.s195063.mediapilote49300-030.atester.fr\/en\/wp-json\/wp\/v2\/types\/page\/"}],"author":[{"embeddable":true,"href":"http:\/\/citdelamer2025.s195063.mediapilote49300-030.atester.fr\/en\/wp-json\/wp\/v2\/users\/1\/"}],"replies":[{"embeddable":true,"href":"http:\/\/citdelamer2025.s195063.mediapilote49300-030.atester.fr\/en\/wp-json\/wp\/v2\/comments\/?post=377418"}],"version-history":[{"count":9,"href":"http:\/\/citdelamer2025.s195063.mediapilote49300-030.atester.fr\/en\/wp-json\/wp\/v2\/pages\/377418\/revisions\/"}],"predecessor-version":[{"id":390384,"href":"http:\/\/citdelamer2025.s195063.mediapilote49300-030.atester.fr\/en\/wp-json\/wp\/v2\/pages\/377418\/revisions\/390384\/"}],"wp:attachment":[{"href":"http:\/\/citdelamer2025.s195063.mediapilote49300-030.atester.fr\/en\/wp-json\/wp\/v2\/media\/?parent=377418"}],"wp:term":[{"taxonomy":"wf_page_folders","embeddable":true,"href":"http:\/\/citdelamer2025.s195063.mediapilote49300-030.atester.fr\/en\/wp-json\/wp\/v2\/wf_page_folders\/?post=377418"}],"curies":[{"name":"wp","href":"https:\/\/api.w.org\/{rel}","templated":true}]}}