{"id":385023,"date":"2023-12-26T17:35:54","date_gmt":"2023-12-26T16:35:54","guid":{"rendered":"https:\/\/www.citedelamer.com\/?page_id=385023"},"modified":"2025-01-07T17:22:32","modified_gmt":"2025-01-07T16:22:32","slug":"hours-rates","status":"publish","type":"page","link":"http:\/\/citdelamer2025.s195063.mediapilote49300-030.atester.fr\/en\/practical-information\/hours-rates\/","title":{"rendered":"Hours and rates"},"content":{"rendered":"","protected":false},"excerpt":{"rendered":"","protected":false},"author":1,"featured_media":0,"parent":6819,"menu_order":13,"comment_status":"closed","ping_status":"closed","template":"template\/tarif-horaires.php","meta":{"_acf_changed":false,"footnotes":""},"wf_page_folders":[],"class_list":["post-385023","page","type-page","status-publish","hentry"],"acf":[],"yoast_head":"<!-- This site is optimized with the Yoast SEO plugin v25.8 - https:\/\/yoast.com\/wordpress\/plugins\/seo\/ -->\n<title>Horaires et Tarifs de La Cit\u00e9 de la Mer \u00e0 Cherbourg (Normandie)<\/title>\n<meta name=\"description\" content=\"D\u00e9couvrez les horaires d&#039;ouvertures en fonction des saisons et les tarifs afin de planifier au mieux votre visite !\" class=\"yoast-seo-meta-tag\" \/>\n<meta name=\"robots\" content=\"noindex, follow, max-snippet:-1, max-image-preview:large, max-video-preview:-1\" \/>\n<meta property=\"og:locale\" content=\"en_US\" class=\"yoast-seo-meta-tag\" \/>\n<meta property=\"og:type\" content=\"article\" class=\"yoast-seo-meta-tag\" \/>\n<meta property=\"og:title\" content=\"Horaires et Tarifs de La Cit\u00e9 de la Mer \u00e0 Cherbourg (Normandie)\" class=\"yoast-seo-meta-tag\" \/>\n<meta property=\"og:description\" content=\"D\u00e9couvrez les horaires d&#039;ouvertures en fonction des saisons et les tarifs afin de planifier au mieux votre visite !\" class=\"yoast-seo-meta-tag\" \/>\n<meta property=\"og:url\" content=\"http:\/\/citdelamer2025.s195063.mediapilote49300-030.atester.fr\/en\/practical-information\/hours-rates\/\" class=\"yoast-seo-meta-tag\" \/>\n<meta property=\"og:site_name\" content=\"La Cit\u00e9 de la Mer\" class=\"yoast-seo-meta-tag\" \/>\n<meta property=\"article:modified_time\" content=\"2025-01-07T16:22:32+00:00\" class=\"yoast-seo-meta-tag\" \/>\n<meta name=\"twitter:card\" content=\"summary_large_image\" class=\"yoast-seo-meta-tag\" \/>\n<script type=\"application\/ld+json\" class=\"yoast-schema-graph\">{\"@context\":\"https:\/\/schema.org\",\"@graph\":[{\"@type\":\"WebPage\",\"@id\":\"http:\/\/citdelamer2025.s195063.mediapilote49300-030.atester.fr\/en\/practical-information\/hours-rates\/\",\"url\":\"http:\/\/citdelamer2025.s195063.mediapilote49300-030.atester.fr\/en\/practical-information\/hours-rates\/\",\"name\":\"Horaires et Tarifs de La Cit\u00e9 de la Mer \u00e0 Cherbourg (Normandie)\",\"isPartOf\":{\"@id\":\"http:\/\/citdelamer2025.s195063.mediapilote49300-030.atester.fr\/en\/#website\"},\"datePublished\":\"2023-12-26T16:35:54+00:00\",\"dateModified\":\"2025-01-07T16:22:32+00:00\",\"description\":\"D\u00e9couvrez les horaires d'ouvertures en fonction des saisons et les tarifs afin de planifier au mieux votre visite !\",\"breadcrumb\":{\"@id\":\"http:\/\/citdelamer2025.s195063.mediapilote49300-030.atester.fr\/en\/practical-information\/hours-rates\/#breadcrumb\"},\"inLanguage\":\"en-US\",\"potentialAction\":[{\"@type\":\"ReadAction\",\"target\":[\"http:\/\/citdelamer2025.s195063.mediapilote49300-030.atester.fr\/en\/practical-information\/hours-rates\/\"]}]},{\"@type\":\"BreadcrumbList\",\"@id\":\"http:\/\/citdelamer2025.s195063.mediapilote49300-030.atester.fr\/en\/practical-information\/hours-rates\/#breadcrumb\",\"itemListElement\":[{\"@type\":\"ListItem\",\"position\":1,\"name\":\"La Cit\u00e9 de la Mer\",\"item\":\"http:\/\/citdelamer2025.s195063.mediapilote49300-030.atester.fr\/\"},{\"@type\":\"ListItem\",\"position\":2,\"name\":\"Practical Information\",\"item\":\"http:\/\/citdelamer2025.s195063.mediapilote49300-030.atester.fr\/informations-pratiques\/\"},{\"@type\":\"ListItem\",\"position\":3,\"name\":\"Hours and rates\"}]},{\"@type\":\"WebSite\",\"@id\":\"http:\/\/citdelamer2025.s195063.mediapilote49300-030.atester.fr\/en\/#website\",\"url\":\"http:\/\/citdelamer2025.s195063.mediapilote49300-030.atester.fr\/en\/\",\"name\":\"La Cit\u00e9 de la Mer\",\"description\":\"Site officiel La Cit\u00e9 de la Mer, Cherbourg, Normandie\",\"potentialAction\":[{\"@type\":\"SearchAction\",\"target\":{\"@type\":\"EntryPoint\",\"urlTemplate\":\"http:\/\/citdelamer2025.s195063.mediapilote49300-030.atester.fr\/en\/?s={search_term_string}\"},\"query-input\":{\"@type\":\"PropertyValueSpecification\",\"valueRequired\":true,\"valueName\":\"search_term_string\"}}],\"inLanguage\":\"en-US\"}]}<\/script>\n<!-- \/ Yoast SEO plugin. -->","yoast_head_json":{"title":"Horaires et Tarifs de La Cit\u00e9 de la Mer \u00e0 Cherbourg (Normandie)","description":"D\u00e9couvrez les horaires d'ouvertures en fonction des saisons et les tarifs afin de planifier au mieux votre visite !","robots":{"index":"noindex","follow":"follow","max-snippet":"max-snippet:-1","max-image-preview":"max-image-preview:large","max-video-preview":"max-video-preview:-1"},"og_locale":"en_US","og_type":"article","og_title":"Horaires et Tarifs de La Cit\u00e9 de la Mer \u00e0 Cherbourg (Normandie)","og_description":"D\u00e9couvrez les horaires d'ouvertures en fonction des saisons et les tarifs afin de planifier au mieux votre visite !","og_url":"http:\/\/citdelamer2025.s195063.mediapilote49300-030.atester.fr\/en\/practical-information\/hours-rates\/","og_site_name":"La Cit\u00e9 de la Mer","article_modified_time":"2025-01-07T16:22:32+00:00","twitter_card":"summary_large_image","schema":{"@context":"https:\/\/schema.org","@graph":[{"@type":"WebPage","@id":"http:\/\/citdelamer2025.s195063.mediapilote49300-030.atester.fr\/en\/practical-information\/hours-rates\/","url":"http:\/\/citdelamer2025.s195063.mediapilote49300-030.atester.fr\/en\/practical-information\/hours-rates\/","name":"Horaires et Tarifs de La Cit\u00e9 de la Mer \u00e0 Cherbourg (Normandie)","isPartOf":{"@id":"http:\/\/citdelamer2025.s195063.mediapilote49300-030.atester.fr\/en\/#website"},"datePublished":"2023-12-26T16:35:54+00:00","dateModified":"2025-01-07T16:22:32+00:00","description":"D\u00e9couvrez les horaires d'ouvertures en fonction des saisons et les tarifs afin de planifier au mieux votre visite !","breadcrumb":{"@id":"http:\/\/citdelamer2025.s195063.mediapilote49300-030.atester.fr\/en\/practical-information\/hours-rates\/#breadcrumb"},"inLanguage":"en-US","potentialAction":[{"@type":"ReadAction","target":["http:\/\/citdelamer2025.s195063.mediapilote49300-030.atester.fr\/en\/practical-information\/hours-rates\/"]}]},{"@type":"BreadcrumbList","@id":"http:\/\/citdelamer2025.s195063.mediapilote49300-030.atester.fr\/en\/practical-information\/hours-rates\/#breadcrumb","itemListElement":[{"@type":"ListItem","position":1,"name":"La Cit\u00e9 de la Mer","item":"http:\/\/citdelamer2025.s195063.mediapilote49300-030.atester.fr\/"},{"@type":"ListItem","position":2,"name":"Practical Information","item":"http:\/\/citdelamer2025.s195063.mediapilote49300-030.atester.fr\/informations-pratiques\/"},{"@type":"ListItem","position":3,"name":"Hours and rates"}]},{"@type":"WebSite","@id":"http:\/\/citdelamer2025.s195063.mediapilote49300-030.atester.fr\/en\/#website","url":"http:\/\/citdelamer2025.s195063.mediapilote49300-030.atester.fr\/en\/","name":"La Cit\u00e9 de la Mer","description":"Site officiel La Cit\u00e9 de la Mer, Cherbourg, Normandie","potentialAction":[{"@type":"SearchAction","target":{"@type":"EntryPoint","urlTemplate":"http:\/\/citdelamer2025.s195063.mediapilote49300-030.atester.fr\/en\/?s={search_term_string}"},"query-input":{"@type":"PropertyValueSpecification","valueRequired":true,"valueName":"search_term_string"}}],"inLanguage":"en-US"}]}},"_links":{"self":[{"href":"http:\/\/citdelamer2025.s195063.mediapilote49300-030.atester.fr\/en\/wp-json\/wp\/v2\/pages\/385023\/"}],"collection":[{"href":"http:\/\/citdelamer2025.s195063.mediapilote49300-030.atester.fr\/en\/wp-json\/wp\/v2\/pages\/"}],"about":[{"href":"http:\/\/citdelamer2025.s195063.mediapilote49300-030.atester.fr\/en\/wp-json\/wp\/v2\/types\/page\/"}],"author":[{"embeddable":true,"href":"http:\/\/citdelamer2025.s195063.mediapilote49300-030.atester.fr\/en\/wp-json\/wp\/v2\/users\/1\/"}],"replies":[{"embeddable":true,"href":"http:\/\/citdelamer2025.s195063.mediapilote49300-030.atester.fr\/en\/wp-json\/wp\/v2\/comments\/?post=385023"}],"version-history":[{"count":10,"href":"http:\/\/citdelamer2025.s195063.mediapilote49300-030.atester.fr\/en\/wp-json\/wp\/v2\/pages\/385023\/revisions\/"}],"predecessor-version":[{"id":398703,"href":"http:\/\/citdelamer2025.s195063.mediapilote49300-030.atester.fr\/en\/wp-json\/wp\/v2\/pages\/385023\/revisions\/398703\/"}],"up":[{"embeddable":true,"href":"http:\/\/citdelamer2025.s195063.mediapilote49300-030.atester.fr\/en\/wp-json\/wp\/v2\/pages\/6819\/"}],"wp:attachment":[{"href":"http:\/\/citdelamer2025.s195063.mediapilote49300-030.atester.fr\/en\/wp-json\/wp\/v2\/media\/?parent=385023"}],"wp:term":[{"taxonomy":"wf_page_folders","embeddable":true,"href":"http:\/\/citdelamer2025.s195063.mediapilote49300-030.atester.fr\/en\/wp-json\/wp\/v2\/wf_page_folders\/?post=385023"}],"curies":[{"name":"wp","href":"https:\/\/api.w.org\/{rel}","templated":true}]}}